{"id":9195,"date":"2015-04-01T13:47:11","date_gmt":"2015-04-01T11:47:11","guid":{"rendered":"https:\/\/kirei.rs\/pocetna\/"},"modified":"2022-12-13T13:21:01","modified_gmt":"2022-12-13T12:21:01","slug":"home","status":"publish","type":"page","link":"https:\/\/kirei.rs\/en\/","title":{"rendered":"Home"},"content":{"rendered":"<div class=\"wpb-content-wrapper\"><p>[vc_row content_full_width=&#8221;1&#8243; scroll_button=&#8221;scroll_button_hide&#8221; el_class=&#8221;direction-ltr&#8221;][vc_column][rev_slider_vc alias=&#8221;aqua-slider-home-fullheight&#8221;][\/vc_column][\/vc_row][vc_row scroll_button=&#8221;scroll_button_hide&#8221; css=&#8221;.vc_custom_1431256673545{padding-top: 70px !important;padding-bottom: 35px !important;}&#8221;][vc_column offset=&#8221;vc_col-lg-offset-2 vc_col-lg-8 vc_col-md-offset-2 vc_col-md-8 vc_col-sm-offset-0&#8243;][vc_column_text el_class=&#8221;JosefinSans-SemiBold&#8221;]<\/p>\n<h1 style=\"text-align: center;\">Kirei Beograd &#8211; Salon lepote<\/h1>\n<p>[\/vc_column_text]\t\t\t<h3 class=\"headline text-center underline  \" style=\"font-size: 24px\">\r\n\t\t\t\tDOBRODO\u0160LI\t\t\t<\/h3>\r\n\t\t[vc_column_text el_class=&#8221;JosefinSans-SemiBold&#8221;]<\/p>\n<p style=\"text-align: center;\">Niko nije sujetan na svoju mladost. MLADOST, to je bogatstvo, to je \u010dar telesne lepote i duhovne sve\u017eine; lepota fizi\u010dke snage; beskona\u010dnost, nadanje, rasko\u0161 \u017eivota\u2026. Mi imamo na\u010din da se nikad ne ostari, da svaki san u\u010dinimo verovatnim i kad to izgleda nemogu\u0107e. Kod nas va\u0161 novac nije protra\u0107en\u2026.<\/p>\n<p>[\/vc_column_text][\/vc_column][\/vc_row][vc_row css=&#8221;.vc_custom_1434471806132{padding-top: 35px !important;padding-bottom: 35px !important;}&#8221; scroll_button=&#8221;scroll_button_hide&#8221;][vc_column offset=&#8221;vc_col-lg-4 vc_col-md-4&#8243;]\t\t<div class=\"ro-service-wrap tpl2 \">\r\n\t\t\t<div class=\"ro-service-item-2 clearfix\">\r\n\t<a href=\"https:\/\/kirei.rs\/medcontour-oblikovanje-tela\/\">\r\n\t\t<div>\r\n\t\t\t<img loading=\"lazy\" decoding=\"async\" width=\"370\" height=\"251\" src=\"https:\/\/kirei.rs\/wp-content\/uploads\/2015\/04\/a1.jpg\" class=\"attachment-full size-full\" alt=\"\" srcset=\"https:\/\/kirei.rs\/wp-content\/uploads\/2015\/04\/a1.jpg 370w, https:\/\/kirei.rs\/wp-content\/uploads\/2015\/04\/a1-300x204.jpg 300w\" sizes=\"auto, (max-width: 370px) 100vw, 370px\" \/>\t\t\t<h4> Med2contour \u2013 nehirur\u0161ka lipoliza<\/h4>\t\t\t<p><\/p>\t\t<\/div>\r\n\t<\/a>\r\n<\/div>\r\n\t\t<\/div>\r\n\t\t\r\n    [\/vc_column][vc_column offset=&#8221;vc_col-lg-4 vc_col-md-4&#8243;]\t\t<div class=\"ro-service-wrap tpl2 \">\r\n\t\t\t<div class=\"ro-service-item-2 clearfix\">\r\n\t<a href=\"https:\/\/kirei.rs\/face-up\/\">\r\n\t\t<div>\r\n\t\t\t<img loading=\"lazy\" decoding=\"async\" width=\"370\" height=\"252\" src=\"https:\/\/kirei.rs\/wp-content\/uploads\/2015\/04\/a2.jpg\" class=\"attachment-full size-full\" alt=\"\" srcset=\"https:\/\/kirei.rs\/wp-content\/uploads\/2015\/04\/a2.jpg 370w, https:\/\/kirei.rs\/wp-content\/uploads\/2015\/04\/a2-300x204.jpg 300w\" sizes=\"auto, (max-width: 370px) 100vw, 370px\" \/>\t\t\t<h4> Face up \u2013 mikrodermoabrazija<\/h4>\t\t\t<p><\/p>\t\t<\/div>\r\n\t<\/a>\r\n<\/div>\r\n\t\t<\/div>\r\n\t\t\r\n    [\/vc_column][vc_column offset=&#8221;vc_col-lg-4 vc_col-md-4&#8243;]\t\t<div class=\"ro-service-wrap tpl2 \">\r\n\t\t\t<div class=\"ro-service-item-2 clearfix\">\r\n\t<a href=\"https:\/\/kirei.rs\/mezoterapija\/\">\r\n\t\t<div>\r\n\t\t\t<img loading=\"lazy\" decoding=\"async\" width=\"370\" height=\"251\" src=\"https:\/\/kirei.rs\/wp-content\/uploads\/2015\/04\/a3.jpg\" class=\"attachment-full size-full\" alt=\"\" srcset=\"https:\/\/kirei.rs\/wp-content\/uploads\/2015\/04\/a3.jpg 370w, https:\/\/kirei.rs\/wp-content\/uploads\/2015\/04\/a3-300x204.jpg 300w\" sizes=\"auto, (max-width: 370px) 100vw, 370px\" \/>\t\t\t<h4> Mezoterapija lica<\/h4>\t\t\t<p><\/p>\t\t<\/div>\r\n\t<\/a>\r\n<\/div>\r\n\t\t<\/div>\r\n\t\t\r\n    [\/vc_column][\/vc_row][vc_row css=&#8221;.vc_custom_1437491604371{padding-top: 40px !important;padding-bottom: 40px !important;}&#8221; scroll_button=&#8221;scroll_button_hide&#8221;][vc_column][vc_separator color=&#8221;custom&#8221; el_width=&#8221;80&#8243; accent_color=&#8221;#aaaaaa&#8221;][vc_single_image image=&#8221;8283&#8243; img_size=&#8221;large&#8221; alignment=&#8221;center&#8221;][\/vc_column][\/vc_row][vc_row same_height=&#8221;1&#8243; css=&#8221;.vc_custom_1432645715276{background-color: #e7e6e1 !important;}&#8221; scroll_button=&#8221;scroll_button_hide&#8221;][vc_column width=&#8221;2\/3&#8243; css=&#8221;.vc_custom_1431228376476{background-color: #f3f3f0 !important;}&#8221;]    <div class=\"nice-scroll-class-js tb-blog testimonial entry  ro-testimonial-scroll-wrapper\" style=\"max-height: 460px; overflow-x: hidden; overflow-y: hidden;\">\n\t\t<div class=\"col-xs-12 col-sm-12 col-md-12 col-lg-12\"><article id=\"post-1122\" class=\"text-center post-1122 testimonial type-testimonial status-publish format-standard has-post-thumbnail hentry\">\r\n\t\t\t\t\t\t\t\t\t\t<h2 class=\"blog-title\"><a href=\"https:\/\/kirei.rs\/en\/testimonial\/andreja-horvatic\/\">Andreja Horvati\u0107<\/a><\/h2>\r\n\t\t\t\t<div class=\"blog-desc\">Jako sam zadovoljna u\u010dinkom aparata Med Contour. Na\u010din terapije, ili izvo\u0111enje samog tretmana vrlo je ugodno, a rezultati su zapanjuju\u0107i. Uop\u0161te, do\u0107i na tretman i izgubiti u samo jednom tretmanu nekoliko centimetara u obimu za svaku \u017eenu je san, a naro\u010dito, ako je mogu\u0107e utjecati i na \u2018kriti\u010dnu zonu\u2019. Dobro je znati da takvi \u010dudotvorni aparati postoje i da deluju.<\/div><\/article><\/div><div class=\"col-xs-12 col-sm-12 col-md-12 col-lg-12\"><article id=\"post-1125\" class=\"text-center post-1125 testimonial type-testimonial status-publish format-standard hentry\">\r\n\t\t\t\t\t\t\t\t\t\t<h2 class=\"blog-title\"><a href=\"https:\/\/kirei.rs\/en\/testimonial\/vjekoslava-bach\/\">Vjekoslava Bach &#8211; TV urednica i voditeljka, organizatorka sajma \u201cBeauty &#038; Lifestyle Show\u201d<\/a><\/h2>\r\n\t\t\t\t<div class=\"blog-desc\">\u201cIako sam \u010dest gost teretana pa na taj na\u010din odr\u017eavam vitku liniju koja je pomalo rezultat i dobrih gena, ipak u posljednje vreme nisam mogla re\u0161iti onih par centimetara na trbu\u0161\u010di\u0107u koji se nakon 35 g ipak vide. Konsultiraju\u0107i se o tom problemu \u010dak sam bila spremna i na malu liposukciju, no kada me vodstvo Poliklinike upoznalo sa najnovijim dostignu\u0107em medicine i tehnike, aparatom Med Contour, prihvatila sam predlog. I ve\u0107 nakon prvog tretmana koji je bio i podosta ugodan, ostala sam bez teksta od odu\u0161evljenja jer centimetar je pokazao \u010dak 5 cm manje, \u0161to je na moju konstituciju vi\u0161e nego vidljivo! Kroz moj posao, emisiju \u201cZagrljaj ljepote\u201d a i sajam ljepote \u201cBeauty &amp; Lifestyle Show\u201d imala sam priliku isprobati gotovo sve nove aparate i metode kreiranja linije tijela no Med Contour je ne\u0161to zaistsa \u010darobno i kao da su se u njemu spojili svi naju\u010dinkovitiji tretmani te doista ve\u0107 nakon prvog tretmana daju vrhunski rezultat. I svakoj \u0107u gledateljki i prijateljici, ali i mu\u0161karcima, preporu\u010diti neka probaju, jer znam da kad se jednom upoznaju, ljubav izme\u0111u njih i Med Contoura \u0107e trajati i trajati\u2026 Ba\u0161 kao i kod mene!! A za liposukciju uvijek ima vremena.\u201d<\/div><\/article><\/div><div class=\"col-xs-12 col-sm-12 col-md-12 col-lg-12\"><article id=\"post-4366\" class=\"text-center post-4366 testimonial type-testimonial status-publish format-standard hentry\">\r\n\t\t\t\t\t\t\t\t\t\t<h2 class=\"blog-title\"><a href=\"https:\/\/kirei.rs\/en\/testimonial\/tina\/\">Tina<\/a><\/h2>\r\n\t\t\t\t<div class=\"blog-desc\">Samo jednim MED CONTOUR tretmanom imala sam zapa\u017eene rezultate i pantalone su mi odmah bolje pristajale.<\/div><\/article><\/div><div class=\"col-xs-12 col-sm-12 col-md-12 col-lg-12\"><article id=\"post-4367\" class=\"text-center post-4367 testimonial type-testimonial status-publish format-standard hentry\">\r\n\t\t\t\t\t\t\t\t\t\t<h2 class=\"blog-title\"><a href=\"https:\/\/kirei.rs\/en\/testimonial\/jadranka\/\">Jadranka<\/a><\/h2>\r\n\t\t\t\t<div class=\"blog-desc\">Stvarno nisam primetila pomak ve\u0107 do slede\u0107eg dana, a nakon nekoliko dana, vidim zna\u010dajnu razliku. Moj stomak je ravniji i zagla\u0111eniji! Jedva \u010dekam ostale tretmane.   <\/div><\/article><\/div>\t\t<div style=\"clear: both;\"><\/div>\n        \t\t    <\/div>\n        \n    [\/vc_column][vc_column width=&#8221;1\/3&#8243;][vc_single_image image=&#8221;7865&#8243; img_size=&#8221;full&#8221; alignment=&#8221;center&#8221; el_class=&#8221;tb-pos-bottom&#8221;][vc_btn title=&#8221;Iskustva&#8221; style=&#8221;custom&#8221; custom_background=&#8221;#f3f3f0&#8243; custom_text=&#8221;#000000&#8243; shape=&#8221;square&#8221; size=&#8221;lg&#8221; align=&#8221;center&#8221; button_block=&#8221;true&#8221; link=&#8221;url:https%3A%2F%2Fkirei.rs%2Fiskustva-korisnika%2F|||&#8221;][\/vc_column][\/vc_row][vc_row css=&#8221;.vc_custom_1431257023621{padding-top: 60px !important;padding-bottom: 80px !important;}&#8221; scroll_button=&#8221;scroll_button_hide&#8221;][vc_column]\t\t\t<h3 class=\"headline text-center underline  \" style=\"font-size: 24px\">\r\n\t\t\t\tZAKA\u017dITE VA\u0160 TERMIN\t\t\t<\/h3>\r\n\t\t[vc_column_text el_class=&#8221;JosefinSans-Italic&#8221;]<\/p>\n<p style=\"text-align: center; font-size: 18px; font-weight: 400; font-style: italic;\">Kirei je specijalizovani medicinski, estetski centar posve\u0107en Va\u0161oj nezi.\u00a0 Rezervi\u0161ite Va\u0161 termin jo\u0161 danas!<\/p>\n<p>[\/vc_column_text]\n<div class=\"wpcf7 no-js\" id=\"wpcf7-f6890-o1\" lang=\"sr-RS\" dir=\"ltr\" data-wpcf7-id=\"6890\">\n<div class=\"screen-reader-response\"><p role=\"status\" aria-live=\"polite\" aria-atomic=\"true\"><\/p> <ul><\/ul><\/div>\n<form action=\"\/en\/wp-json\/wp\/v2\/pages\/9195#wpcf7-f6890-o1\" method=\"post\" class=\"wpcf7-form init\" aria-label=\"Contact form\" novalidate=\"novalidate\" data-status=\"init\">\n<fieldset class=\"hidden-fields-container\"><input type=\"hidden\" name=\"_wpcf7\" value=\"6890\" \/><input type=\"hidden\" name=\"_wpcf7_version\" value=\"6.1.5\" \/><input type=\"hidden\" name=\"_wpcf7_locale\" value=\"sr_RS\" \/><input type=\"hidden\" name=\"_wpcf7_unit_tag\" value=\"wpcf7-f6890-o1\" \/><input type=\"hidden\" name=\"_wpcf7_container_post\" value=\"0\" \/><input type=\"hidden\" name=\"_wpcf7_posted_data_hash\" value=\"\" \/>\n<\/fieldset>\n<div class=\"col-heading text-center\">\n\t<h3>Zaka\u017eite\n\t<\/h3>\n\t<p>Va\u0161 prvi tretman jo\u0161 danas\n\t<\/p>\n<\/div>\n<p><span class=\"wpcf7-form-control-wrap\" data-name=\"datum\"><input class=\"wpcf7-form-control wpcf7-date wpcf7-validates-as-required wpcf7-validates-as-date\" aria-required=\"true\" aria-invalid=\"false\" placeholder=\"Odaberite datum\" value=\"\" type=\"date\" name=\"datum\" \/><\/span><br \/>\n<span class=\"wpcf7-form-control-wrap\" data-name=\"menu-467\"><select class=\"wpcf7-form-control wpcf7-select wpcf7-validates-as-required\" aria-required=\"true\" aria-invalid=\"false\" name=\"menu-467\"><option value=\"Odaberite tretman\">Odaberite tretman<\/option><option value=\"Tretman lica i kose\">Tretman lica i kose<\/option><option value=\"Tretmani tela\">Tretmani tela<\/option><option value=\"Konsultacije\">Konsultacije<\/option><\/select><\/span><br \/>\n<span class=\"wpcf7-form-control-wrap\" data-name=\"your-name\"><input size=\"40\" maxlength=\"400\" class=\"wpcf7-form-control wpcf7-text wpcf7-validates-as-required\" aria-required=\"true\" aria-invalid=\"false\" placeholder=\"Ime i prezime\" value=\"\" type=\"text\" name=\"your-name\" \/><\/span><br \/>\n<span class=\"wpcf7-form-control-wrap\" data-name=\"telefon\"><input size=\"40\" maxlength=\"400\" class=\"wpcf7-form-control wpcf7-text\" aria-invalid=\"false\" placeholder=\"Broj Telefona\" value=\"\" type=\"text\" name=\"telefon\" \/><\/span><br \/>\n<span class=\"wpcf7-form-control-wrap\" data-name=\"pol\"><select class=\"wpcf7-form-control wpcf7-select wpcf7-validates-as-required\" aria-required=\"true\" aria-invalid=\"false\" name=\"pol\"><option value=\"Pol\">Pol<\/option><option value=\"M\">M<\/option><option value=\"\u017d\">\u017d<\/option><\/select><\/span><br \/>\n<span class=\"wpcf7-form-control-wrap\" data-name=\"your-email\"><input size=\"40\" maxlength=\"400\" class=\"wpcf7-form-control wpcf7-email wpcf7-validates-as-required wpcf7-text wpcf7-validates-as-email\" aria-required=\"true\" aria-invalid=\"false\" placeholder=\"Va\u0161a email adresa\" value=\"\" type=\"email\" name=\"your-email\" \/><\/span><br \/>\n<span class=\"wpcf7-form-control-wrap\" data-name=\"poruka\"><textarea cols=\"40\" rows=\"10\" maxlength=\"2000\" class=\"wpcf7-form-control wpcf7-textarea\" aria-invalid=\"false\" placeholder=\"Dodatno\" name=\"poruka\"><\/textarea><\/span><br \/>\n<input class=\"wpcf7-form-control wpcf7-submit has-spinner\" type=\"submit\" value=\"Zaka\u017ei\" \/>\n<\/p><div class=\"wpcf7-response-output\" aria-hidden=\"true\"><\/div>\n<\/form>\n<\/div>\n[vc_column_text]<\/p>\n<p style=\"text-align: center; font-size: 18px; ,margin-top: 15px; display: block;\">Radno vreme:\u00a0 \u00a0 10:00h -22:00h<\/p>\n<p>[\/vc_column_text][\/vc_column][\/vc_row]<\/p>\n<\/div>","protected":false},"excerpt":{"rendered":"<p>[vc_row content_full_width=&#8221;1&#8243; scroll_button=&#8221;scroll_button_hide&#8221; el_class=&#8221;direction-ltr&#8221;][vc_column][rev_slider_vc alias=&#8221;aqua-slider-home-fullheight&#8221;][\/vc_column][\/vc_row][vc_row scroll_button=&#8221;scroll_button_hide&#8221; css=&#8221;.vc_custom_1431256673545{padding-top: 70px !important;padding-bottom: 35px !important;}&#8221;][vc_column offset=&#8221;vc_col-lg-offset-2 vc_col-lg-8 vc_col-md-offset-2 vc_col-md-8 vc_col-sm-offset-0&#8243;][vc_column_text el_class=&#8221;JosefinSans-SemiBold&#8221;] Kirei Beograd &#8211; Salon lepote [\/vc_column_text][vc_column_text el_class=&#8221;JosefinSans-SemiBold&#8221;] Niko nije sujetan na svoju mladost. MLADOST, to je bogatstvo, to je \u010dar telesne lepote i duhovne sve\u017eine; lepota fizi\u010dke snage; beskona\u010dnost, nadanje, rasko\u0161 \u017eivota\u2026. Mi imamo na\u010din da se nikad [&hellip;]<\/p>\n","protected":false},"author":7,"featured_media":0,"parent":0,"menu_order":0,"comment_status":"open","ping_status":"open","template":"templates-en\/template-home-en.php","meta":{"footnotes":""},"class_list":["post-9195","page","type-page","status-publish","hentry"],"yoast_head":"<!-- This site is optimized with the Yoast SEO plugin v27.3 - https:\/\/yoast.com\/product\/yoast-seo-wordpress\/ -->\n<title>Salon Lepote | Kirei Beograd - Va\u0161a Oaza Mladosti i Lepote<\/title>\n<meta name=\"description\" content=\"Kirei je specijalizovani salon lepote posve\u0107en Va\u0161oj nezi. Godine iskustva u najnaprednijim praksama su Kirei istakle me\u0111u konkurencijom i podigle kvalitet usluge na vi\u0161i nivo. Posetite nas ili nas kontaktirajte za vi\u0161e informacija.\" \/>\n<meta name=\"robots\" content=\"index, follow, max-snippet:-1, max-image-preview:large, max-video-preview:-1\" \/>\n<link rel=\"canonical\" href=\"https:\/\/kirei.rs\/en\/\" \/>\n<meta property=\"og:locale\" content=\"en_US\" \/>\n<meta property=\"og:type\" content=\"article\" \/>\n<meta property=\"og:title\" content=\"Salon Lepote | Kirei Beograd - Va\u0161a Oaza Mladosti i Lepote\" \/>\n<meta property=\"og:description\" content=\"Kirei je specijalizovani salon lepote posve\u0107en Va\u0161oj nezi. Godine iskustva u najnaprednijim praksama su Kirei istakle me\u0111u konkurencijom i podigle kvalitet usluge na vi\u0161i nivo. Posetite nas ili nas kontaktirajte za vi\u0161e informacija.\" \/>\n<meta property=\"og:url\" content=\"https:\/\/kirei.rs\/en\/\" \/>\n<meta property=\"og:site_name\" content=\"Kirei Beograd\" \/>\n<meta property=\"article:publisher\" content=\"https:\/\/www.facebook.com\/KireiBeograd\/\" \/>\n<meta property=\"article:modified_time\" content=\"2022-12-13T12:21:01+00:00\" \/>\n<meta property=\"og:image\" content=\"https:\/\/kirei.rs\/wp-content\/uploads\/2018\/01\/rucno-radjena-kozmetika-kirei.jpg\" \/>\n\t<meta property=\"og:image:width\" content=\"800\" \/>\n\t<meta property=\"og:image:height\" content=\"571\" \/>\n\t<meta property=\"og:image:type\" content=\"image\/jpeg\" \/>\n<meta name=\"twitter:card\" content=\"summary_large_image\" \/>\n<meta name=\"twitter:label1\" content=\"Est. reading time\" \/>\n\t<meta name=\"twitter:data1\" content=\"1 minute\" \/>\n<script type=\"application\/ld+json\" class=\"yoast-schema-graph\">{\"@context\":\"https:\\\/\\\/schema.org\",\"@graph\":[{\"@type\":\"WebPage\",\"@id\":\"https:\\\/\\\/kirei.rs\\\/en\\\/\",\"url\":\"https:\\\/\\\/kirei.rs\\\/en\\\/\",\"name\":\"Salon Lepote | Kirei Beograd - Va\u0161a Oaza Mladosti i Lepote\",\"isPartOf\":{\"@id\":\"https:\\\/\\\/kirei.rs\\\/#website\"},\"datePublished\":\"2015-04-01T11:47:11+00:00\",\"dateModified\":\"2022-12-13T12:21:01+00:00\",\"description\":\"Kirei je specijalizovani salon lepote posve\u0107en Va\u0161oj nezi. Godine iskustva u najnaprednijim praksama su Kirei istakle me\u0111u konkurencijom i podigle kvalitet usluge na vi\u0161i nivo. Posetite nas ili nas kontaktirajte za vi\u0161e informacija.\",\"breadcrumb\":{\"@id\":\"https:\\\/\\\/kirei.rs\\\/en\\\/#breadcrumb\"},\"inLanguage\":\"en-US\",\"potentialAction\":[{\"@type\":\"ReadAction\",\"target\":[\"https:\\\/\\\/kirei.rs\\\/en\\\/\"]}]},{\"@type\":\"BreadcrumbList\",\"@id\":\"https:\\\/\\\/kirei.rs\\\/en\\\/#breadcrumb\",\"itemListElement\":[{\"@type\":\"ListItem\",\"position\":1,\"name\":\"Home\",\"item\":\"https:\\\/\\\/kirei.rs\\\/en\\\/\"},{\"@type\":\"ListItem\",\"position\":2,\"name\":\"Home\"}]},{\"@type\":\"WebSite\",\"@id\":\"https:\\\/\\\/kirei.rs\\\/#website\",\"url\":\"https:\\\/\\\/kirei.rs\\\/\",\"name\":\"Kirei Beograd\",\"description\":\"Va\u0161a oaza mladosti i lepote\",\"publisher\":{\"@id\":\"https:\\\/\\\/kirei.rs\\\/#organization\"},\"potentialAction\":[{\"@type\":\"SearchAction\",\"target\":{\"@type\":\"EntryPoint\",\"urlTemplate\":\"https:\\\/\\\/kirei.rs\\\/?s={search_term_string}\"},\"query-input\":{\"@type\":\"PropertyValueSpecification\",\"valueRequired\":true,\"valueName\":\"search_term_string\"}}],\"inLanguage\":\"en-US\"},{\"@type\":\"Organization\",\"@id\":\"https:\\\/\\\/kirei.rs\\\/#organization\",\"name\":\"Kirei Beograd\",\"url\":\"https:\\\/\\\/kirei.rs\\\/\",\"logo\":{\"@type\":\"ImageObject\",\"inLanguage\":\"en-US\",\"@id\":\"https:\\\/\\\/kirei.rs\\\/#\\\/schema\\\/logo\\\/image\\\/\",\"url\":\"https:\\\/\\\/kirei.rs\\\/wp-content\\\/uploads\\\/2018\\\/03\\\/kirei-white.png\",\"contentUrl\":\"https:\\\/\\\/kirei.rs\\\/wp-content\\\/uploads\\\/2018\\\/03\\\/kirei-white.png\",\"width\":234,\"height\":51,\"caption\":\"Kirei Beograd\"},\"image\":{\"@id\":\"https:\\\/\\\/kirei.rs\\\/#\\\/schema\\\/logo\\\/image\\\/\"},\"sameAs\":[\"https:\\\/\\\/www.facebook.com\\\/KireiBeograd\\\/\"]}]}<\/script>\n<!-- \/ Yoast SEO plugin. -->","yoast_head_json":{"title":"Salon Lepote | Kirei Beograd - Va\u0161a Oaza Mladosti i Lepote","description":"Kirei je specijalizovani salon lepote posve\u0107en Va\u0161oj nezi. Godine iskustva u najnaprednijim praksama su Kirei istakle me\u0111u konkurencijom i podigle kvalitet usluge na vi\u0161i nivo. Posetite nas ili nas kontaktirajte za vi\u0161e informacija.","robots":{"index":"index","follow":"follow","max-snippet":"max-snippet:-1","max-image-preview":"max-image-preview:large","max-video-preview":"max-video-preview:-1"},"canonical":"https:\/\/kirei.rs\/en\/","og_locale":"en_US","og_type":"article","og_title":"Salon Lepote | Kirei Beograd - Va\u0161a Oaza Mladosti i Lepote","og_description":"Kirei je specijalizovani salon lepote posve\u0107en Va\u0161oj nezi. Godine iskustva u najnaprednijim praksama su Kirei istakle me\u0111u konkurencijom i podigle kvalitet usluge na vi\u0161i nivo. Posetite nas ili nas kontaktirajte za vi\u0161e informacija.","og_url":"https:\/\/kirei.rs\/en\/","og_site_name":"Kirei Beograd","article_publisher":"https:\/\/www.facebook.com\/KireiBeograd\/","article_modified_time":"2022-12-13T12:21:01+00:00","og_image":[{"width":800,"height":571,"url":"https:\/\/kirei.rs\/wp-content\/uploads\/2018\/01\/rucno-radjena-kozmetika-kirei.jpg","type":"image\/jpeg"}],"twitter_card":"summary_large_image","twitter_misc":{"Est. reading time":"1 minute"},"schema":{"@context":"https:\/\/schema.org","@graph":[{"@type":"WebPage","@id":"https:\/\/kirei.rs\/en\/","url":"https:\/\/kirei.rs\/en\/","name":"Salon Lepote | Kirei Beograd - Va\u0161a Oaza Mladosti i Lepote","isPartOf":{"@id":"https:\/\/kirei.rs\/#website"},"datePublished":"2015-04-01T11:47:11+00:00","dateModified":"2022-12-13T12:21:01+00:00","description":"Kirei je specijalizovani salon lepote posve\u0107en Va\u0161oj nezi. Godine iskustva u najnaprednijim praksama su Kirei istakle me\u0111u konkurencijom i podigle kvalitet usluge na vi\u0161i nivo. Posetite nas ili nas kontaktirajte za vi\u0161e informacija.","breadcrumb":{"@id":"https:\/\/kirei.rs\/en\/#breadcrumb"},"inLanguage":"en-US","potentialAction":[{"@type":"ReadAction","target":["https:\/\/kirei.rs\/en\/"]}]},{"@type":"BreadcrumbList","@id":"https:\/\/kirei.rs\/en\/#breadcrumb","itemListElement":[{"@type":"ListItem","position":1,"name":"Home","item":"https:\/\/kirei.rs\/en\/"},{"@type":"ListItem","position":2,"name":"Home"}]},{"@type":"WebSite","@id":"https:\/\/kirei.rs\/#website","url":"https:\/\/kirei.rs\/","name":"Kirei Beograd","description":"Va\u0161a oaza mladosti i lepote","publisher":{"@id":"https:\/\/kirei.rs\/#organization"},"potentialAction":[{"@type":"SearchAction","target":{"@type":"EntryPoint","urlTemplate":"https:\/\/kirei.rs\/?s={search_term_string}"},"query-input":{"@type":"PropertyValueSpecification","valueRequired":true,"valueName":"search_term_string"}}],"inLanguage":"en-US"},{"@type":"Organization","@id":"https:\/\/kirei.rs\/#organization","name":"Kirei Beograd","url":"https:\/\/kirei.rs\/","logo":{"@type":"ImageObject","inLanguage":"en-US","@id":"https:\/\/kirei.rs\/#\/schema\/logo\/image\/","url":"https:\/\/kirei.rs\/wp-content\/uploads\/2018\/03\/kirei-white.png","contentUrl":"https:\/\/kirei.rs\/wp-content\/uploads\/2018\/03\/kirei-white.png","width":234,"height":51,"caption":"Kirei Beograd"},"image":{"@id":"https:\/\/kirei.rs\/#\/schema\/logo\/image\/"},"sameAs":["https:\/\/www.facebook.com\/KireiBeograd\/"]}]}},"_links":{"self":[{"href":"https:\/\/kirei.rs\/en\/wp-json\/wp\/v2\/pages\/9195","targetHints":{"allow":["GET"]}}],"collection":[{"href":"https:\/\/kirei.rs\/en\/wp-json\/wp\/v2\/pages"}],"about":[{"href":"https:\/\/kirei.rs\/en\/wp-json\/wp\/v2\/types\/page"}],"author":[{"embeddable":true,"href":"https:\/\/kirei.rs\/en\/wp-json\/wp\/v2\/users\/7"}],"replies":[{"embeddable":true,"href":"https:\/\/kirei.rs\/en\/wp-json\/wp\/v2\/comments?post=9195"}],"version-history":[{"count":2,"href":"https:\/\/kirei.rs\/en\/wp-json\/wp\/v2\/pages\/9195\/revisions"}],"predecessor-version":[{"id":9462,"href":"https:\/\/kirei.rs\/en\/wp-json\/wp\/v2\/pages\/9195\/revisions\/9462"}],"wp:attachment":[{"href":"https:\/\/kirei.rs\/en\/wp-json\/wp\/v2\/media?parent=9195"}],"curies":[{"name":"wp","href":"https:\/\/api.w.org\/{rel}","templated":true}]}}