{"id":9341,"date":"2018-01-24T15:13:31","date_gmt":"2018-01-24T14:13:31","guid":{"rendered":"https:\/\/kirei.rs\/hemijski-peeling\/"},"modified":"2022-12-12T14:59:03","modified_gmt":"2022-12-12T13:59:03","slug":"chemical-peel","status":"publish","type":"page","link":"https:\/\/kirei.rs\/en\/chemical-peel\/","title":{"rendered":"Chemical Peel"},"content":{"rendered":"<div class=\"wpb-content-wrapper\"><p>[vc_row][vc_column][vc_column_text]<\/p>\n<h2>Hemijski piling NeoStrata<\/h2>\n<p>Hemijski piling naj\u010de\u0161\u0107e preporu\u010dujemo osobama sa foto-o\u0161te\u0107enom ko\u017eom (naboranom ko\u017eom, izra\u017eenim hiperpigmentacijama, pro\u0161irenim porama, lo\u0161om teksturom i neujedna\u010denom bojom tena\u00a0) kao i osobama sa masnom ko\u017eom i o\u017eiljcima od akni. Hemijskim pilingom se uklanja povr\u0161inski sloj ko\u017ee, \u010dime se podsti\u010de sinteza kolagena i elastina i time dobijamo \u010distu i blistavu ko\u017eu.<\/p>\n<p>Hemijski piling je potrebno primenjivati redovno i to je najbolji na\u010din da ko\u017ea prirodnim putem vrati blistavost i sjaj. Treba ga raditi bar jednom mese\u010dno.<\/p>\n<p>U Kirei centru primenjujemo NeoStrata piling 100% slobodnom glikolnom kiselinom u 2 razli\u010dite koncentracije, kao i <strong>Exuviance Booster<\/strong>-e i pilinge.<\/p>\n<p>Prednosti ovih hemijskih pilinga su:<\/p>\n<ul>\n<li>sigurnost i preciznost u primeni<\/li>\n<li>nuspojave svedene na minimum<\/li>\n<li>br\u017ei oporavak<\/li>\n<\/ul>\n<p>&nbsp;<\/p>\n<p>Hemijski piling odli\u010dan je piling za jesen, ako \u017eelite da ubrzate oporavak ko\u017ee nakon letnjih isku\u0161enja dubinskom eksfolijacijom. Dva velika ameri\u010dka brenda nude dva razli\u010dta pilinga: povr\u0161inski i dubinski. Izbor zavisi od va\u0161e ko\u017ee.<\/p>\n<p>Za potpuno obnavljanje epiderma i redukciju vidljivih znakova starenja i foto-o\u0161te\u0107ene ko\u017ee, kao i za pobolj\u0161anje tonusa i sjaja ko\u017ee preporu\u010duju se hemijski pilinzi.<\/p>\n<p>Vo\u0107ne kiseline koje se koriste u hemijskim pilinzima su prirodnog porekla, najbolja i najpoznatija je glikolna kiselina, koja zbog male veli\u010dine \u010destica prodire duboko u ko\u017eu. Tretman glikolnom kiselinom se mo\u017ee koristi na svim delovima tela gde je potreban: lice, vrat, le\u0111a, ruke.<\/p>\n<p>Piling glikolnom kiselinom je idealan je za le\u010denje akni, podmladjivanje, pobolj\u0161anje strukture i tonusa ko\u017ee, smanjenje pora, uklanjanje pigmentnih nepravilnosti i ne\u010disto\u0107a sa ko\u017ee. Tretman pilinga treba sprovoditi u kontinuitetu (6-8 tretmana, sa razmakom od 3-4 nedelje), \u0161to u kombinaciji sa adekvatnom ku\u0107nom negom dovodi do obnavljanja kolagena i elasti\u010dnih vlakana, zatezanja ko\u017ee i zna\u010dajnog pobolj\u0161anja tena.<\/p>\n<p>&nbsp;<\/p>\n<p><strong>Ukoliko ste zainteresovani, ve\u0107 danas <a href=\"https:\/\/kirei.rs\/zakazivanje-tretmana\/\">zaka\u017eite tretman pilinga<\/a>!<\/strong>[\/vc_column_text][vc_single_image image=&#8221;7853&#8243; img_size=&#8221;full&#8221; alignment=&#8221;center&#8221; style=&#8221;vc_box_rounded&#8221;][\/vc_column][\/vc_row]<\/p>\n<\/div>","protected":false},"excerpt":{"rendered":"<p>[vc_row][vc_column][vc_column_text] Hemijski piling NeoStrata Hemijski piling naj\u010de\u0161\u0107e preporu\u010dujemo osobama sa foto-o\u0161te\u0107enom ko\u017eom (naboranom ko\u017eom, izra\u017eenim hiperpigmentacijama, pro\u0161irenim porama, lo\u0161om teksturom i neujedna\u010denom bojom tena\u00a0) kao i osobama sa masnom ko\u017eom i o\u017eiljcima od akni. Hemijskim pilingom se uklanja povr\u0161inski sloj ko\u017ee, \u010dime se podsti\u010de sinteza kolagena i elastina i time dobijamo \u010distu i blistavu ko\u017eu. [&hellip;]<\/p>\n","protected":false},"author":7,"featured_media":0,"parent":0,"menu_order":0,"comment_status":"closed","ping_status":"closed","template":"templates-en\/template-piling-en.php","meta":{"footnotes":""},"class_list":["post-9341","page","type-page","status-publish","hentry"],"yoast_head":"<!-- This site is optimized with the Yoast SEO plugin v27.4 - https:\/\/yoast.com\/product\/yoast-seo-wordpress\/ -->\n<title>Hemijski Piling - Kirei Beograd<\/title>\n<meta name=\"description\" content=\"Hemijski piling naj\u010de\u0161\u0107e preporu\u010dujemo osobama sa foto-o\u0161te\u0107enom ko\u017eom kao i osobama sa masnom ko\u017eom i o\u017eiljcima od akni. Hemijskim pilingom se uklanja povr\u0161inski sloj ko\u017ee, \u010dime se podsti\u010de sinteza kolagena i elastina i time dobijamo \u010distu i blistavu ko\u017eu.\" \/>\n<meta name=\"robots\" content=\"index, follow, max-snippet:-1, max-image-preview:large, max-video-preview:-1\" \/>\n<link rel=\"canonical\" href=\"https:\/\/kirei.rs\/en\/chemical-peel\/\" \/>\n<meta property=\"og:locale\" content=\"en_US\" \/>\n<meta property=\"og:type\" content=\"article\" \/>\n<meta property=\"og:title\" content=\"Hemijski Piling - Kirei Beograd\" \/>\n<meta property=\"og:description\" content=\"Hemijski piling naj\u010de\u0161\u0107e preporu\u010dujemo osobama sa foto-o\u0161te\u0107enom ko\u017eom kao i osobama sa masnom ko\u017eom i o\u017eiljcima od akni. Hemijskim pilingom se uklanja povr\u0161inski sloj ko\u017ee, \u010dime se podsti\u010de sinteza kolagena i elastina i time dobijamo \u010distu i blistavu ko\u017eu.\" \/>\n<meta property=\"og:url\" content=\"https:\/\/kirei.rs\/en\/chemical-peel\/\" \/>\n<meta property=\"og:site_name\" content=\"Kirei Beograd\" \/>\n<meta property=\"article:publisher\" content=\"https:\/\/www.facebook.com\/KireiBeograd\/\" \/>\n<meta property=\"article:modified_time\" content=\"2022-12-12T13:59:03+00:00\" \/>\n<meta property=\"og:image\" content=\"https:\/\/kirei.rs\/wp-content\/uploads\/2018\/01\/rucno-radjena-kozmetika-kirei.jpg\" \/>\n\t<meta property=\"og:image:width\" content=\"800\" \/>\n\t<meta property=\"og:image:height\" content=\"571\" \/>\n\t<meta property=\"og:image:type\" content=\"image\/jpeg\" \/>\n<meta name=\"twitter:card\" content=\"summary_large_image\" \/>\n<meta name=\"twitter:label1\" content=\"Est. reading time\" \/>\n\t<meta name=\"twitter:data1\" content=\"2 minutes\" \/>\n<script type=\"application\/ld+json\" class=\"yoast-schema-graph\">{\"@context\":\"https:\\\/\\\/schema.org\",\"@graph\":[{\"@type\":\"WebPage\",\"@id\":\"https:\\\/\\\/kirei.rs\\\/en\\\/chemical-peel\\\/\",\"url\":\"https:\\\/\\\/kirei.rs\\\/en\\\/chemical-peel\\\/\",\"name\":\"Hemijski Piling - Kirei Beograd\",\"isPartOf\":{\"@id\":\"https:\\\/\\\/kirei.rs\\\/#website\"},\"datePublished\":\"2018-01-24T14:13:31+00:00\",\"dateModified\":\"2022-12-12T13:59:03+00:00\",\"description\":\"Hemijski piling naj\u010de\u0161\u0107e preporu\u010dujemo osobama sa foto-o\u0161te\u0107enom ko\u017eom kao i osobama sa masnom ko\u017eom i o\u017eiljcima od akni. Hemijskim pilingom se uklanja povr\u0161inski sloj ko\u017ee, \u010dime se podsti\u010de sinteza kolagena i elastina i time dobijamo \u010distu i blistavu ko\u017eu.\",\"breadcrumb\":{\"@id\":\"https:\\\/\\\/kirei.rs\\\/en\\\/chemical-peel\\\/#breadcrumb\"},\"inLanguage\":\"en-US\",\"potentialAction\":[{\"@type\":\"ReadAction\",\"target\":[\"https:\\\/\\\/kirei.rs\\\/en\\\/chemical-peel\\\/\"]}]},{\"@type\":\"BreadcrumbList\",\"@id\":\"https:\\\/\\\/kirei.rs\\\/en\\\/chemical-peel\\\/#breadcrumb\",\"itemListElement\":[{\"@type\":\"ListItem\",\"position\":1,\"name\":\"Home\",\"item\":\"https:\\\/\\\/kirei.rs\\\/en\\\/\"},{\"@type\":\"ListItem\",\"position\":2,\"name\":\"Chemical Peel\"}]},{\"@type\":\"WebSite\",\"@id\":\"https:\\\/\\\/kirei.rs\\\/#website\",\"url\":\"https:\\\/\\\/kirei.rs\\\/\",\"name\":\"Kirei Beograd\",\"description\":\"Va\u0161a oaza mladosti i lepote\",\"publisher\":{\"@id\":\"https:\\\/\\\/kirei.rs\\\/#organization\"},\"potentialAction\":[{\"@type\":\"SearchAction\",\"target\":{\"@type\":\"EntryPoint\",\"urlTemplate\":\"https:\\\/\\\/kirei.rs\\\/?s={search_term_string}\"},\"query-input\":{\"@type\":\"PropertyValueSpecification\",\"valueRequired\":true,\"valueName\":\"search_term_string\"}}],\"inLanguage\":\"en-US\"},{\"@type\":\"Organization\",\"@id\":\"https:\\\/\\\/kirei.rs\\\/#organization\",\"name\":\"Kirei Beograd\",\"url\":\"https:\\\/\\\/kirei.rs\\\/\",\"logo\":{\"@type\":\"ImageObject\",\"inLanguage\":\"en-US\",\"@id\":\"https:\\\/\\\/kirei.rs\\\/#\\\/schema\\\/logo\\\/image\\\/\",\"url\":\"https:\\\/\\\/kirei.rs\\\/wp-content\\\/uploads\\\/2018\\\/03\\\/kirei-white.png\",\"contentUrl\":\"https:\\\/\\\/kirei.rs\\\/wp-content\\\/uploads\\\/2018\\\/03\\\/kirei-white.png\",\"width\":234,\"height\":51,\"caption\":\"Kirei Beograd\"},\"image\":{\"@id\":\"https:\\\/\\\/kirei.rs\\\/#\\\/schema\\\/logo\\\/image\\\/\"},\"sameAs\":[\"https:\\\/\\\/www.facebook.com\\\/KireiBeograd\\\/\"]}]}<\/script>\n<!-- \/ Yoast SEO plugin. -->","yoast_head_json":{"title":"Hemijski Piling - Kirei Beograd","description":"Hemijski piling naj\u010de\u0161\u0107e preporu\u010dujemo osobama sa foto-o\u0161te\u0107enom ko\u017eom kao i osobama sa masnom ko\u017eom i o\u017eiljcima od akni. Hemijskim pilingom se uklanja povr\u0161inski sloj ko\u017ee, \u010dime se podsti\u010de sinteza kolagena i elastina i time dobijamo \u010distu i blistavu ko\u017eu.","robots":{"index":"index","follow":"follow","max-snippet":"max-snippet:-1","max-image-preview":"max-image-preview:large","max-video-preview":"max-video-preview:-1"},"canonical":"https:\/\/kirei.rs\/en\/chemical-peel\/","og_locale":"en_US","og_type":"article","og_title":"Hemijski Piling - Kirei Beograd","og_description":"Hemijski piling naj\u010de\u0161\u0107e preporu\u010dujemo osobama sa foto-o\u0161te\u0107enom ko\u017eom kao i osobama sa masnom ko\u017eom i o\u017eiljcima od akni. Hemijskim pilingom se uklanja povr\u0161inski sloj ko\u017ee, \u010dime se podsti\u010de sinteza kolagena i elastina i time dobijamo \u010distu i blistavu ko\u017eu.","og_url":"https:\/\/kirei.rs\/en\/chemical-peel\/","og_site_name":"Kirei Beograd","article_publisher":"https:\/\/www.facebook.com\/KireiBeograd\/","article_modified_time":"2022-12-12T13:59:03+00:00","og_image":[{"width":800,"height":571,"url":"https:\/\/kirei.rs\/wp-content\/uploads\/2018\/01\/rucno-radjena-kozmetika-kirei.jpg","type":"image\/jpeg"}],"twitter_card":"summary_large_image","twitter_misc":{"Est. reading time":"2 minutes"},"schema":{"@context":"https:\/\/schema.org","@graph":[{"@type":"WebPage","@id":"https:\/\/kirei.rs\/en\/chemical-peel\/","url":"https:\/\/kirei.rs\/en\/chemical-peel\/","name":"Hemijski Piling - Kirei Beograd","isPartOf":{"@id":"https:\/\/kirei.rs\/#website"},"datePublished":"2018-01-24T14:13:31+00:00","dateModified":"2022-12-12T13:59:03+00:00","description":"Hemijski piling naj\u010de\u0161\u0107e preporu\u010dujemo osobama sa foto-o\u0161te\u0107enom ko\u017eom kao i osobama sa masnom ko\u017eom i o\u017eiljcima od akni. Hemijskim pilingom se uklanja povr\u0161inski sloj ko\u017ee, \u010dime se podsti\u010de sinteza kolagena i elastina i time dobijamo \u010distu i blistavu ko\u017eu.","breadcrumb":{"@id":"https:\/\/kirei.rs\/en\/chemical-peel\/#breadcrumb"},"inLanguage":"en-US","potentialAction":[{"@type":"ReadAction","target":["https:\/\/kirei.rs\/en\/chemical-peel\/"]}]},{"@type":"BreadcrumbList","@id":"https:\/\/kirei.rs\/en\/chemical-peel\/#breadcrumb","itemListElement":[{"@type":"ListItem","position":1,"name":"Home","item":"https:\/\/kirei.rs\/en\/"},{"@type":"ListItem","position":2,"name":"Chemical Peel"}]},{"@type":"WebSite","@id":"https:\/\/kirei.rs\/#website","url":"https:\/\/kirei.rs\/","name":"Kirei Beograd","description":"Va\u0161a oaza mladosti i lepote","publisher":{"@id":"https:\/\/kirei.rs\/#organization"},"potentialAction":[{"@type":"SearchAction","target":{"@type":"EntryPoint","urlTemplate":"https:\/\/kirei.rs\/?s={search_term_string}"},"query-input":{"@type":"PropertyValueSpecification","valueRequired":true,"valueName":"search_term_string"}}],"inLanguage":"en-US"},{"@type":"Organization","@id":"https:\/\/kirei.rs\/#organization","name":"Kirei Beograd","url":"https:\/\/kirei.rs\/","logo":{"@type":"ImageObject","inLanguage":"en-US","@id":"https:\/\/kirei.rs\/#\/schema\/logo\/image\/","url":"https:\/\/kirei.rs\/wp-content\/uploads\/2018\/03\/kirei-white.png","contentUrl":"https:\/\/kirei.rs\/wp-content\/uploads\/2018\/03\/kirei-white.png","width":234,"height":51,"caption":"Kirei Beograd"},"image":{"@id":"https:\/\/kirei.rs\/#\/schema\/logo\/image\/"},"sameAs":["https:\/\/www.facebook.com\/KireiBeograd\/"]}]}},"_links":{"self":[{"href":"https:\/\/kirei.rs\/en\/wp-json\/wp\/v2\/pages\/9341","targetHints":{"allow":["GET"]}}],"collection":[{"href":"https:\/\/kirei.rs\/en\/wp-json\/wp\/v2\/pages"}],"about":[{"href":"https:\/\/kirei.rs\/en\/wp-json\/wp\/v2\/types\/page"}],"author":[{"embeddable":true,"href":"https:\/\/kirei.rs\/en\/wp-json\/wp\/v2\/users\/7"}],"replies":[{"embeddable":true,"href":"https:\/\/kirei.rs\/en\/wp-json\/wp\/v2\/comments?post=9341"}],"version-history":[{"count":1,"href":"https:\/\/kirei.rs\/en\/wp-json\/wp\/v2\/pages\/9341\/revisions"}],"predecessor-version":[{"id":9342,"href":"https:\/\/kirei.rs\/en\/wp-json\/wp\/v2\/pages\/9341\/revisions\/9342"}],"wp:attachment":[{"href":"https:\/\/kirei.rs\/en\/wp-json\/wp\/v2\/media?parent=9341"}],"curies":[{"name":"wp","href":"https:\/\/api.w.org\/{rel}","templated":true}]}}