{"id":9402,"date":"2018-01-24T15:26:24","date_gmt":"2018-01-24T14:26:24","guid":{"rendered":"https:\/\/kirei.rs\/masaza\/"},"modified":"2022-12-13T10:19:43","modified_gmt":"2022-12-13T09:19:43","slug":"massage","status":"publish","type":"page","link":"https:\/\/kirei.rs\/en\/massage\/","title":{"rendered":"Massage"},"content":{"rendered":"<div class=\"wpb-content-wrapper\"><p>[vc_row][vc_column][vc_column_text]If you have any problems with your neck, pains in muscles and spine or you are only tired and stressed, come to a relax massage \u2013 our physiotherapist with long experience will solve all these problems and make you feel better and more relaxed!<\/p>\n<p>&nbsp;<\/p>\n<p><strong>If you are interested, please <a href=\"https:\/\/n766769.alteg.io\/\">book massage<\/a> today!<\/strong>[\/vc_column_text][vc_single_image image=&#8221;8088&#8243; img_size=&#8221;full&#8221; alignment=&#8221;center&#8221; style=&#8221;vc_box_rounded&#8221;][vc_empty_space][vc_row_inner][vc_column_inner width=&#8221;1\/2&#8243;][vc_single_image image=&#8221;8493&#8243; img_size=&#8221;full&#8221; alignment=&#8221;center&#8221; style=&#8221;vc_box_rounded&#8221;][\/vc_column_inner][vc_column_inner width=&#8221;1\/2&#8243;][vc_single_image image=&#8221;8494&#8243; img_size=&#8221;full&#8221; alignment=&#8221;center&#8221; style=&#8221;vc_box_rounded&#8221;][\/vc_column_inner][\/vc_row_inner][vc_empty_space][\/vc_column][\/vc_row]<\/p>\n<\/div>","protected":false},"excerpt":{"rendered":"<p>[vc_row][vc_column][vc_column_text]If you have any problems with your neck, pains in muscles and spine or you are only tired and stressed, come to a relax massage \u2013 our physiotherapist with long experience will solve all these problems and make you feel better and more relaxed! &nbsp; If you are interested, please book massage today![\/vc_column_text][vc_single_image image=&#8221;8088&#8243; img_size=&#8221;full&#8221; [&hellip;]<\/p>\n","protected":false},"author":7,"featured_media":0,"parent":0,"menu_order":0,"comment_status":"closed","ping_status":"closed","template":"","meta":{"footnotes":""},"class_list":["post-9402","page","type-page","status-publish","hentry"],"yoast_head":"<!-- This site is optimized with the Yoast SEO plugin v27.3 - https:\/\/yoast.com\/product\/yoast-seo-wordpress\/ -->\n<title>Masa\u017ee u Kirei Centru - Kirei Beograd<\/title>\n<meta name=\"description\" content=\"Ukoliko imate problem sa le\u0111ima, bolovima u mi\u0161i\u0107ima, ki\u010dmi, ili ste samo umorni i pod stresom, do\u0111ite na relax masa\u017ee - na\u0161 fiziterapeut sa dugogodi\u0161njim iskustvom \u0107e re\u0161iti sve te probleme i u\u010diniti da se ose\u0107ate bolje i opu\u0161tenije!\" \/>\n<meta name=\"robots\" content=\"index, follow, max-snippet:-1, max-image-preview:large, max-video-preview:-1\" \/>\n<link rel=\"canonical\" href=\"https:\/\/kirei.rs\/en\/massage\/\" \/>\n<meta property=\"og:locale\" content=\"en_US\" \/>\n<meta property=\"og:type\" content=\"article\" \/>\n<meta property=\"og:title\" content=\"Masa\u017ee u Kirei Centru - Kirei Beograd\" \/>\n<meta property=\"og:description\" content=\"Ukoliko imate problem sa le\u0111ima, bolovima u mi\u0161i\u0107ima, ki\u010dmi, ili ste samo umorni i pod stresom, do\u0111ite na relax masa\u017ee - na\u0161 fiziterapeut sa dugogodi\u0161njim iskustvom \u0107e re\u0161iti sve te probleme i u\u010diniti da se ose\u0107ate bolje i opu\u0161tenije!\" \/>\n<meta property=\"og:url\" content=\"https:\/\/kirei.rs\/en\/massage\/\" \/>\n<meta property=\"og:site_name\" content=\"Kirei Beograd\" \/>\n<meta property=\"article:publisher\" content=\"https:\/\/www.facebook.com\/KireiBeograd\/\" \/>\n<meta property=\"article:modified_time\" content=\"2022-12-13T09:19:43+00:00\" \/>\n<meta property=\"og:image\" content=\"https:\/\/kirei.rs\/wp-content\/uploads\/2018\/01\/rucno-radjena-kozmetika-kirei.jpg\" \/>\n\t<meta property=\"og:image:width\" content=\"800\" \/>\n\t<meta property=\"og:image:height\" content=\"571\" \/>\n\t<meta property=\"og:image:type\" content=\"image\/jpeg\" \/>\n<meta name=\"twitter:card\" content=\"summary_large_image\" \/>\n<meta name=\"twitter:label1\" content=\"Est. reading time\" \/>\n\t<meta name=\"twitter:data1\" content=\"1 minute\" \/>\n<script type=\"application\/ld+json\" class=\"yoast-schema-graph\">{\"@context\":\"https:\\\/\\\/schema.org\",\"@graph\":[{\"@type\":\"WebPage\",\"@id\":\"https:\\\/\\\/kirei.rs\\\/en\\\/massage\\\/\",\"url\":\"https:\\\/\\\/kirei.rs\\\/en\\\/massage\\\/\",\"name\":\"Masa\u017ee u Kirei Centru - Kirei Beograd\",\"isPartOf\":{\"@id\":\"https:\\\/\\\/kirei.rs\\\/#website\"},\"datePublished\":\"2018-01-24T14:26:24+00:00\",\"dateModified\":\"2022-12-13T09:19:43+00:00\",\"description\":\"Ukoliko imate problem sa le\u0111ima, bolovima u mi\u0161i\u0107ima, ki\u010dmi, ili ste samo umorni i pod stresom, do\u0111ite na relax masa\u017ee - na\u0161 fiziterapeut sa dugogodi\u0161njim iskustvom \u0107e re\u0161iti sve te probleme i u\u010diniti da se ose\u0107ate bolje i opu\u0161tenije!\",\"breadcrumb\":{\"@id\":\"https:\\\/\\\/kirei.rs\\\/en\\\/massage\\\/#breadcrumb\"},\"inLanguage\":\"en-US\",\"potentialAction\":[{\"@type\":\"ReadAction\",\"target\":[\"https:\\\/\\\/kirei.rs\\\/en\\\/massage\\\/\"]}]},{\"@type\":\"BreadcrumbList\",\"@id\":\"https:\\\/\\\/kirei.rs\\\/en\\\/massage\\\/#breadcrumb\",\"itemListElement\":[{\"@type\":\"ListItem\",\"position\":1,\"name\":\"Home\",\"item\":\"https:\\\/\\\/kirei.rs\\\/en\\\/\"},{\"@type\":\"ListItem\",\"position\":2,\"name\":\"Massage\"}]},{\"@type\":\"WebSite\",\"@id\":\"https:\\\/\\\/kirei.rs\\\/#website\",\"url\":\"https:\\\/\\\/kirei.rs\\\/\",\"name\":\"Kirei Beograd\",\"description\":\"Va\u0161a oaza mladosti i lepote\",\"publisher\":{\"@id\":\"https:\\\/\\\/kirei.rs\\\/#organization\"},\"potentialAction\":[{\"@type\":\"SearchAction\",\"target\":{\"@type\":\"EntryPoint\",\"urlTemplate\":\"https:\\\/\\\/kirei.rs\\\/?s={search_term_string}\"},\"query-input\":{\"@type\":\"PropertyValueSpecification\",\"valueRequired\":true,\"valueName\":\"search_term_string\"}}],\"inLanguage\":\"en-US\"},{\"@type\":\"Organization\",\"@id\":\"https:\\\/\\\/kirei.rs\\\/#organization\",\"name\":\"Kirei Beograd\",\"url\":\"https:\\\/\\\/kirei.rs\\\/\",\"logo\":{\"@type\":\"ImageObject\",\"inLanguage\":\"en-US\",\"@id\":\"https:\\\/\\\/kirei.rs\\\/#\\\/schema\\\/logo\\\/image\\\/\",\"url\":\"https:\\\/\\\/kirei.rs\\\/wp-content\\\/uploads\\\/2018\\\/03\\\/kirei-white.png\",\"contentUrl\":\"https:\\\/\\\/kirei.rs\\\/wp-content\\\/uploads\\\/2018\\\/03\\\/kirei-white.png\",\"width\":234,\"height\":51,\"caption\":\"Kirei Beograd\"},\"image\":{\"@id\":\"https:\\\/\\\/kirei.rs\\\/#\\\/schema\\\/logo\\\/image\\\/\"},\"sameAs\":[\"https:\\\/\\\/www.facebook.com\\\/KireiBeograd\\\/\"]}]}<\/script>\n<!-- \/ Yoast SEO plugin. -->","yoast_head_json":{"title":"Masa\u017ee u Kirei Centru - Kirei Beograd","description":"Ukoliko imate problem sa le\u0111ima, bolovima u mi\u0161i\u0107ima, ki\u010dmi, ili ste samo umorni i pod stresom, do\u0111ite na relax masa\u017ee - na\u0161 fiziterapeut sa dugogodi\u0161njim iskustvom \u0107e re\u0161iti sve te probleme i u\u010diniti da se ose\u0107ate bolje i opu\u0161tenije!","robots":{"index":"index","follow":"follow","max-snippet":"max-snippet:-1","max-image-preview":"max-image-preview:large","max-video-preview":"max-video-preview:-1"},"canonical":"https:\/\/kirei.rs\/en\/massage\/","og_locale":"en_US","og_type":"article","og_title":"Masa\u017ee u Kirei Centru - Kirei Beograd","og_description":"Ukoliko imate problem sa le\u0111ima, bolovima u mi\u0161i\u0107ima, ki\u010dmi, ili ste samo umorni i pod stresom, do\u0111ite na relax masa\u017ee - na\u0161 fiziterapeut sa dugogodi\u0161njim iskustvom \u0107e re\u0161iti sve te probleme i u\u010diniti da se ose\u0107ate bolje i opu\u0161tenije!","og_url":"https:\/\/kirei.rs\/en\/massage\/","og_site_name":"Kirei Beograd","article_publisher":"https:\/\/www.facebook.com\/KireiBeograd\/","article_modified_time":"2022-12-13T09:19:43+00:00","og_image":[{"width":800,"height":571,"url":"https:\/\/kirei.rs\/wp-content\/uploads\/2018\/01\/rucno-radjena-kozmetika-kirei.jpg","type":"image\/jpeg"}],"twitter_card":"summary_large_image","twitter_misc":{"Est. reading time":"1 minute"},"schema":{"@context":"https:\/\/schema.org","@graph":[{"@type":"WebPage","@id":"https:\/\/kirei.rs\/en\/massage\/","url":"https:\/\/kirei.rs\/en\/massage\/","name":"Masa\u017ee u Kirei Centru - Kirei Beograd","isPartOf":{"@id":"https:\/\/kirei.rs\/#website"},"datePublished":"2018-01-24T14:26:24+00:00","dateModified":"2022-12-13T09:19:43+00:00","description":"Ukoliko imate problem sa le\u0111ima, bolovima u mi\u0161i\u0107ima, ki\u010dmi, ili ste samo umorni i pod stresom, do\u0111ite na relax masa\u017ee - na\u0161 fiziterapeut sa dugogodi\u0161njim iskustvom \u0107e re\u0161iti sve te probleme i u\u010diniti da se ose\u0107ate bolje i opu\u0161tenije!","breadcrumb":{"@id":"https:\/\/kirei.rs\/en\/massage\/#breadcrumb"},"inLanguage":"en-US","potentialAction":[{"@type":"ReadAction","target":["https:\/\/kirei.rs\/en\/massage\/"]}]},{"@type":"BreadcrumbList","@id":"https:\/\/kirei.rs\/en\/massage\/#breadcrumb","itemListElement":[{"@type":"ListItem","position":1,"name":"Home","item":"https:\/\/kirei.rs\/en\/"},{"@type":"ListItem","position":2,"name":"Massage"}]},{"@type":"WebSite","@id":"https:\/\/kirei.rs\/#website","url":"https:\/\/kirei.rs\/","name":"Kirei Beograd","description":"Va\u0161a oaza mladosti i lepote","publisher":{"@id":"https:\/\/kirei.rs\/#organization"},"potentialAction":[{"@type":"SearchAction","target":{"@type":"EntryPoint","urlTemplate":"https:\/\/kirei.rs\/?s={search_term_string}"},"query-input":{"@type":"PropertyValueSpecification","valueRequired":true,"valueName":"search_term_string"}}],"inLanguage":"en-US"},{"@type":"Organization","@id":"https:\/\/kirei.rs\/#organization","name":"Kirei Beograd","url":"https:\/\/kirei.rs\/","logo":{"@type":"ImageObject","inLanguage":"en-US","@id":"https:\/\/kirei.rs\/#\/schema\/logo\/image\/","url":"https:\/\/kirei.rs\/wp-content\/uploads\/2018\/03\/kirei-white.png","contentUrl":"https:\/\/kirei.rs\/wp-content\/uploads\/2018\/03\/kirei-white.png","width":234,"height":51,"caption":"Kirei Beograd"},"image":{"@id":"https:\/\/kirei.rs\/#\/schema\/logo\/image\/"},"sameAs":["https:\/\/www.facebook.com\/KireiBeograd\/"]}]}},"_links":{"self":[{"href":"https:\/\/kirei.rs\/en\/wp-json\/wp\/v2\/pages\/9402","targetHints":{"allow":["GET"]}}],"collection":[{"href":"https:\/\/kirei.rs\/en\/wp-json\/wp\/v2\/pages"}],"about":[{"href":"https:\/\/kirei.rs\/en\/wp-json\/wp\/v2\/types\/page"}],"author":[{"embeddable":true,"href":"https:\/\/kirei.rs\/en\/wp-json\/wp\/v2\/users\/7"}],"replies":[{"embeddable":true,"href":"https:\/\/kirei.rs\/en\/wp-json\/wp\/v2\/comments?post=9402"}],"version-history":[{"count":2,"href":"https:\/\/kirei.rs\/en\/wp-json\/wp\/v2\/pages\/9402\/revisions"}],"predecessor-version":[{"id":9404,"href":"https:\/\/kirei.rs\/en\/wp-json\/wp\/v2\/pages\/9402\/revisions\/9404"}],"wp:attachment":[{"href":"https:\/\/kirei.rs\/en\/wp-json\/wp\/v2\/media?parent=9402"}],"curies":[{"name":"wp","href":"https:\/\/api.w.org\/{rel}","templated":true}]}}