{"id":9440,"date":"2018-01-17T14:38:53","date_gmt":"2018-01-17T13:38:53","guid":{"rendered":"https:\/\/kirei.rs\/tretman-botoxom\/"},"modified":"2022-12-13T12:16:21","modified_gmt":"2022-12-13T11:16:21","slug":"botox-treatment","status":"publish","type":"page","link":"https:\/\/kirei.rs\/en\/botox-treatment\/","title":{"rendered":"BOTOX treatment for removing the wrinkles and irregularities from the face"},"content":{"rendered":"<p><\/p>\n","protected":false},"excerpt":{"rendered":"","protected":false},"author":7,"featured_media":9118,"parent":0,"menu_order":0,"comment_status":"closed","ping_status":"closed","template":"templates-en\/template-botoks-en.php","meta":{"footnotes":""},"class_list":["post-9440","page","type-page","status-publish","has-post-thumbnail","hentry"],"yoast_head":"<!-- This site is optimized with the Yoast SEO plugin v27.3 - https:\/\/yoast.com\/product\/yoast-seo-wordpress\/ -->\n<title>Botox za Uklanjanje Bora i Nepravilnosti na Licu - Kirei Beograd<\/title>\n<meta name=\"description\" content=\"Botox se koristi kao tretman za uklanjanje bora i nepravilnosti na licu. Najce\u0161\u0107e se tretira gornji deo lica i to tri regije: bore na \u010delu, bore izmedju o\u010diju i bore u uglovima oko o\u010diju. Zaka\u017eite tretman Botoxom jo\u0161 danas!\" \/>\n<meta name=\"robots\" content=\"index, follow, max-snippet:-1, max-image-preview:large, max-video-preview:-1\" \/>\n<link rel=\"canonical\" href=\"https:\/\/kirei.rs\/en\/botox-treatment\/\" \/>\n<meta property=\"og:locale\" content=\"en_US\" \/>\n<meta property=\"og:type\" content=\"article\" \/>\n<meta property=\"og:title\" content=\"Botox za Uklanjanje Bora i Nepravilnosti na Licu - Kirei Beograd\" \/>\n<meta property=\"og:description\" content=\"Botox se koristi kao tretman za uklanjanje bora i nepravilnosti na licu. Najce\u0161\u0107e se tretira gornji deo lica i to tri regije: bore na \u010delu, bore izmedju o\u010diju i bore u uglovima oko o\u010diju. Zaka\u017eite tretman Botoxom jo\u0161 danas!\" \/>\n<meta property=\"og:url\" content=\"https:\/\/kirei.rs\/en\/botox-treatment\/\" \/>\n<meta property=\"og:site_name\" content=\"Kirei Beograd\" \/>\n<meta property=\"article:publisher\" content=\"https:\/\/www.facebook.com\/KireiBeograd\/\" \/>\n<meta property=\"article:modified_time\" content=\"2022-12-13T11:16:21+00:00\" \/>\n<meta property=\"og:image\" content=\"https:\/\/kirei.rs\/wp-content\/uploads\/2017\/01\/bg-slider-02.png\" \/>\n\t<meta property=\"og:image:width\" content=\"1520\" \/>\n\t<meta property=\"og:image:height\" content=\"620\" \/>\n\t<meta property=\"og:image:type\" content=\"image\/png\" \/>\n<meta name=\"twitter:card\" content=\"summary_large_image\" \/>\n<meta name=\"twitter:label1\" content=\"Est. reading time\" \/>\n\t<meta name=\"twitter:data1\" content=\"2 minutes\" \/>\n<script type=\"application\/ld+json\" class=\"yoast-schema-graph\">{\"@context\":\"https:\\\/\\\/schema.org\",\"@graph\":[{\"@type\":\"WebPage\",\"@id\":\"https:\\\/\\\/kirei.rs\\\/en\\\/botox-treatment\\\/\",\"url\":\"https:\\\/\\\/kirei.rs\\\/en\\\/botox-treatment\\\/\",\"name\":\"Botox za Uklanjanje Bora i Nepravilnosti na Licu - Kirei Beograd\",\"isPartOf\":{\"@id\":\"https:\\\/\\\/kirei.rs\\\/#website\"},\"primaryImageOfPage\":{\"@id\":\"https:\\\/\\\/kirei.rs\\\/en\\\/botox-treatment\\\/#primaryimage\"},\"image\":{\"@id\":\"https:\\\/\\\/kirei.rs\\\/en\\\/botox-treatment\\\/#primaryimage\"},\"thumbnailUrl\":\"https:\\\/\\\/kirei.rs\\\/wp-content\\\/uploads\\\/2017\\\/01\\\/bg-slider-02.png\",\"datePublished\":\"2018-01-17T13:38:53+00:00\",\"dateModified\":\"2022-12-13T11:16:21+00:00\",\"description\":\"Botox se koristi kao tretman za uklanjanje bora i nepravilnosti na licu. Najce\u0161\u0107e se tretira gornji deo lica i to tri regije: bore na \u010delu, bore izmedju o\u010diju i bore u uglovima oko o\u010diju. Zaka\u017eite tretman Botoxom jo\u0161 danas!\",\"breadcrumb\":{\"@id\":\"https:\\\/\\\/kirei.rs\\\/en\\\/botox-treatment\\\/#breadcrumb\"},\"inLanguage\":\"en-US\",\"potentialAction\":[{\"@type\":\"ReadAction\",\"target\":[\"https:\\\/\\\/kirei.rs\\\/en\\\/botox-treatment\\\/\"]}]},{\"@type\":\"ImageObject\",\"inLanguage\":\"en-US\",\"@id\":\"https:\\\/\\\/kirei.rs\\\/en\\\/botox-treatment\\\/#primaryimage\",\"url\":\"https:\\\/\\\/kirei.rs\\\/wp-content\\\/uploads\\\/2017\\\/01\\\/bg-slider-02.png\",\"contentUrl\":\"https:\\\/\\\/kirei.rs\\\/wp-content\\\/uploads\\\/2017\\\/01\\\/bg-slider-02.png\",\"width\":1520,\"height\":620},{\"@type\":\"BreadcrumbList\",\"@id\":\"https:\\\/\\\/kirei.rs\\\/en\\\/botox-treatment\\\/#breadcrumb\",\"itemListElement\":[{\"@type\":\"ListItem\",\"position\":1,\"name\":\"Home\",\"item\":\"https:\\\/\\\/kirei.rs\\\/en\\\/\"},{\"@type\":\"ListItem\",\"position\":2,\"name\":\"BOTOX treatment for removing the wrinkles and irregularities from the face\"}]},{\"@type\":\"WebSite\",\"@id\":\"https:\\\/\\\/kirei.rs\\\/#website\",\"url\":\"https:\\\/\\\/kirei.rs\\\/\",\"name\":\"Kirei Beograd\",\"description\":\"Va\u0161a oaza mladosti i lepote\",\"publisher\":{\"@id\":\"https:\\\/\\\/kirei.rs\\\/#organization\"},\"potentialAction\":[{\"@type\":\"SearchAction\",\"target\":{\"@type\":\"EntryPoint\",\"urlTemplate\":\"https:\\\/\\\/kirei.rs\\\/?s={search_term_string}\"},\"query-input\":{\"@type\":\"PropertyValueSpecification\",\"valueRequired\":true,\"valueName\":\"search_term_string\"}}],\"inLanguage\":\"en-US\"},{\"@type\":\"Organization\",\"@id\":\"https:\\\/\\\/kirei.rs\\\/#organization\",\"name\":\"Kirei Beograd\",\"url\":\"https:\\\/\\\/kirei.rs\\\/\",\"logo\":{\"@type\":\"ImageObject\",\"inLanguage\":\"en-US\",\"@id\":\"https:\\\/\\\/kirei.rs\\\/#\\\/schema\\\/logo\\\/image\\\/\",\"url\":\"https:\\\/\\\/kirei.rs\\\/wp-content\\\/uploads\\\/2018\\\/03\\\/kirei-white.png\",\"contentUrl\":\"https:\\\/\\\/kirei.rs\\\/wp-content\\\/uploads\\\/2018\\\/03\\\/kirei-white.png\",\"width\":234,\"height\":51,\"caption\":\"Kirei Beograd\"},\"image\":{\"@id\":\"https:\\\/\\\/kirei.rs\\\/#\\\/schema\\\/logo\\\/image\\\/\"},\"sameAs\":[\"https:\\\/\\\/www.facebook.com\\\/KireiBeograd\\\/\"]}]}<\/script>\n<!-- \/ Yoast SEO plugin. -->","yoast_head_json":{"title":"Botox za Uklanjanje Bora i Nepravilnosti na Licu - Kirei Beograd","description":"Botox se koristi kao tretman za uklanjanje bora i nepravilnosti na licu. Najce\u0161\u0107e se tretira gornji deo lica i to tri regije: bore na \u010delu, bore izmedju o\u010diju i bore u uglovima oko o\u010diju. Zaka\u017eite tretman Botoxom jo\u0161 danas!","robots":{"index":"index","follow":"follow","max-snippet":"max-snippet:-1","max-image-preview":"max-image-preview:large","max-video-preview":"max-video-preview:-1"},"canonical":"https:\/\/kirei.rs\/en\/botox-treatment\/","og_locale":"en_US","og_type":"article","og_title":"Botox za Uklanjanje Bora i Nepravilnosti na Licu - Kirei Beograd","og_description":"Botox se koristi kao tretman za uklanjanje bora i nepravilnosti na licu. Najce\u0161\u0107e se tretira gornji deo lica i to tri regije: bore na \u010delu, bore izmedju o\u010diju i bore u uglovima oko o\u010diju. Zaka\u017eite tretman Botoxom jo\u0161 danas!","og_url":"https:\/\/kirei.rs\/en\/botox-treatment\/","og_site_name":"Kirei Beograd","article_publisher":"https:\/\/www.facebook.com\/KireiBeograd\/","article_modified_time":"2022-12-13T11:16:21+00:00","og_image":[{"width":1520,"height":620,"url":"https:\/\/kirei.rs\/wp-content\/uploads\/2017\/01\/bg-slider-02.png","type":"image\/png"}],"twitter_card":"summary_large_image","twitter_misc":{"Est. reading time":"2 minutes"},"schema":{"@context":"https:\/\/schema.org","@graph":[{"@type":"WebPage","@id":"https:\/\/kirei.rs\/en\/botox-treatment\/","url":"https:\/\/kirei.rs\/en\/botox-treatment\/","name":"Botox za Uklanjanje Bora i Nepravilnosti na Licu - Kirei Beograd","isPartOf":{"@id":"https:\/\/kirei.rs\/#website"},"primaryImageOfPage":{"@id":"https:\/\/kirei.rs\/en\/botox-treatment\/#primaryimage"},"image":{"@id":"https:\/\/kirei.rs\/en\/botox-treatment\/#primaryimage"},"thumbnailUrl":"https:\/\/kirei.rs\/wp-content\/uploads\/2017\/01\/bg-slider-02.png","datePublished":"2018-01-17T13:38:53+00:00","dateModified":"2022-12-13T11:16:21+00:00","description":"Botox se koristi kao tretman za uklanjanje bora i nepravilnosti na licu. Najce\u0161\u0107e se tretira gornji deo lica i to tri regije: bore na \u010delu, bore izmedju o\u010diju i bore u uglovima oko o\u010diju. Zaka\u017eite tretman Botoxom jo\u0161 danas!","breadcrumb":{"@id":"https:\/\/kirei.rs\/en\/botox-treatment\/#breadcrumb"},"inLanguage":"en-US","potentialAction":[{"@type":"ReadAction","target":["https:\/\/kirei.rs\/en\/botox-treatment\/"]}]},{"@type":"ImageObject","inLanguage":"en-US","@id":"https:\/\/kirei.rs\/en\/botox-treatment\/#primaryimage","url":"https:\/\/kirei.rs\/wp-content\/uploads\/2017\/01\/bg-slider-02.png","contentUrl":"https:\/\/kirei.rs\/wp-content\/uploads\/2017\/01\/bg-slider-02.png","width":1520,"height":620},{"@type":"BreadcrumbList","@id":"https:\/\/kirei.rs\/en\/botox-treatment\/#breadcrumb","itemListElement":[{"@type":"ListItem","position":1,"name":"Home","item":"https:\/\/kirei.rs\/en\/"},{"@type":"ListItem","position":2,"name":"BOTOX treatment for removing the wrinkles and irregularities from the face"}]},{"@type":"WebSite","@id":"https:\/\/kirei.rs\/#website","url":"https:\/\/kirei.rs\/","name":"Kirei Beograd","description":"Va\u0161a oaza mladosti i lepote","publisher":{"@id":"https:\/\/kirei.rs\/#organization"},"potentialAction":[{"@type":"SearchAction","target":{"@type":"EntryPoint","urlTemplate":"https:\/\/kirei.rs\/?s={search_term_string}"},"query-input":{"@type":"PropertyValueSpecification","valueRequired":true,"valueName":"search_term_string"}}],"inLanguage":"en-US"},{"@type":"Organization","@id":"https:\/\/kirei.rs\/#organization","name":"Kirei Beograd","url":"https:\/\/kirei.rs\/","logo":{"@type":"ImageObject","inLanguage":"en-US","@id":"https:\/\/kirei.rs\/#\/schema\/logo\/image\/","url":"https:\/\/kirei.rs\/wp-content\/uploads\/2018\/03\/kirei-white.png","contentUrl":"https:\/\/kirei.rs\/wp-content\/uploads\/2018\/03\/kirei-white.png","width":234,"height":51,"caption":"Kirei Beograd"},"image":{"@id":"https:\/\/kirei.rs\/#\/schema\/logo\/image\/"},"sameAs":["https:\/\/www.facebook.com\/KireiBeograd\/"]}]}},"_links":{"self":[{"href":"https:\/\/kirei.rs\/en\/wp-json\/wp\/v2\/pages\/9440","targetHints":{"allow":["GET"]}}],"collection":[{"href":"https:\/\/kirei.rs\/en\/wp-json\/wp\/v2\/pages"}],"about":[{"href":"https:\/\/kirei.rs\/en\/wp-json\/wp\/v2\/types\/page"}],"author":[{"embeddable":true,"href":"https:\/\/kirei.rs\/en\/wp-json\/wp\/v2\/users\/7"}],"replies":[{"embeddable":true,"href":"https:\/\/kirei.rs\/en\/wp-json\/wp\/v2\/comments?post=9440"}],"version-history":[{"count":1,"href":"https:\/\/kirei.rs\/en\/wp-json\/wp\/v2\/pages\/9440\/revisions"}],"predecessor-version":[{"id":9441,"href":"https:\/\/kirei.rs\/en\/wp-json\/wp\/v2\/pages\/9440\/revisions\/9441"}],"wp:featuredmedia":[{"embeddable":true,"href":"https:\/\/kirei.rs\/en\/wp-json\/wp\/v2\/media\/9118"}],"wp:attachment":[{"href":"https:\/\/kirei.rs\/en\/wp-json\/wp\/v2\/media?parent=9440"}],"curies":[{"name":"wp","href":"https:\/\/api.w.org\/{rel}","templated":true}]}}